{"id":38,"date":"2012-04-27T16:48:40","date_gmt":"2012-04-27T14:48:40","guid":{"rendered":"http:\/\/www.hbd.hr\/home\/?page_id=38"},"modified":"2016-11-03T10:09:12","modified_gmt":"2016-11-03T08:09:12","slug":"o-nama","status":"publish","type":"page","link":"https:\/\/www.hbd.hr\/home\/o-nama\/","title":{"rendered":"O nama"},"content":{"rendered":"<p>Hrvatsko biblijsko dru\u0161tvo ustanovljeno je 6. lipnja 1995. godine na inicijativu i kao sastavnica Sjedinjenih biblijskih dru\u0161tava (United Bible Societies) u \u010dijem se \u010dlanstvu i samo nalazi od po\u010detka djelovanja.<\/p>\n<p>Od samih po\u010detaka Hrvatsko biblijsko dru\u0161tvo ima interkonfesionalni i ekumenski karakter, te je po tomu jedinstveno u Hrvatskoj. U njegovom radu kroz pojedina tijela Dru\u0161tva aktivno sudjeluju predstavnici sljede\u0107ih Crkava: Katoli\u010dke Crkve, Srpske pravoslavne Crkve, Makedonske pravoslavne Crkve, Evangeli\u010dke Crkve, Reformirane Crkve, Baptisti\u010dke Crkve, Evan\u0111eoske Pentekostne Crkve i Adventisti\u010dke Crkve.<\/p>\n<p>Hrvatsko biblijsko dru\u0161tvo formirano je kao udruga sa zada\u0107om promocije Svetog pisma putem prevo\u0111enja, izdavanja i raspa\u010davanja Biblije. Cilj Dru\u0161tva je pru\u017eiti ljudima Bibliju na jeziku koji \u0107e razumjeti i po prihvatljivoj cijeni koju \u0107e mo\u0107i platiti. Dru\u0161tvo je pritom neprofitna organizacija i uzdr\u017eava se kako od prodaje Biblijskih izdanja, tako i od potpora iz domovine i inozemstva.<\/p>\n","protected":false},"excerpt":{"rendered":"<p>Hrvatsko biblijsko dru\u0161tvo ustanovljeno je 6. lipnja 1995. godine na inicijativu i kao sastavnica Sjedinjenih biblijskih dru\u0161tava (United Bible Societies) u \u010dijem se \u010dlanstvu i samo nalazi od po\u010detka djelovanja. Od samih po\u010detaka Hrvatsko biblijsko dru\u0161tvo ima interkonfesionalni i ekumenski<\/p>\n","protected":false},"author":6,"featured_media":0,"parent":0,"menu_order":0,"comment_status":"closed","ping_status":"closed","template":"","meta":{"footnotes":""},"class_list":["post-38","page","type-page","status-publish","hentry"],"_links":{"self":[{"href":"https:\/\/www.hbd.hr\/home\/wp-json\/wp\/v2\/pages\/38","targetHints":{"allow":["GET"]}}],"collection":[{"href":"https:\/\/www.hbd.hr\/home\/wp-json\/wp\/v2\/pages"}],"about":[{"href":"https:\/\/www.hbd.hr\/home\/wp-json\/wp\/v2\/types\/page"}],"author":[{"embeddable":true,"href":"https:\/\/www.hbd.hr\/home\/wp-json\/wp\/v2\/users\/6"}],"replies":[{"embeddable":true,"href":"https:\/\/www.hbd.hr\/home\/wp-json\/wp\/v2\/comments?post=38"}],"version-history":[{"count":22,"href":"https:\/\/www.hbd.hr\/home\/wp-json\/wp\/v2\/pages\/38\/revisions"}],"predecessor-version":[{"id":655,"href":"https:\/\/www.hbd.hr\/home\/wp-json\/wp\/v2\/pages\/38\/revisions\/655"}],"wp:attachment":[{"href":"https:\/\/www.hbd.hr\/home\/wp-json\/wp\/v2\/media?parent=38"}],"curies":[{"name":"wp","href":"https:\/\/api.w.org\/{rel}","templated":true}]}}